{"id":3181,"date":"2025-02-21T10:31:00","date_gmt":"2025-02-21T08:31:00","guid":{"rendered":"https:\/\/ozenvillas.com\/home\/"},"modified":"2026-01-30T11:35:09","modified_gmt":"2026-01-30T09:35:09","slug":"home","status":"publish","type":"page","link":"https:\/\/ozenvillas.com\/fr\/","title":{"rendered":"Accueil"},"content":{"rendered":"<p>Profitez d&rsquo;un s\u00e9jour relaxant et raffin\u00e9 \u00e0 Ozen Luxury Villa &amp; Suite, \u00e0 quelques minutes seulement d&rsquo;Agios Nikolaos, nich\u00e9 dans un cadre naturel paisible avec une vue imprenable sur la mer de Cr\u00e8te. Alliant le luxe moderne \u00e0 l&rsquo;esprit chaleureux et authentique de l&rsquo;hospitalit\u00e9 cr\u00e9toise, les villas disposent de pi\u00e8ces baign\u00e9es de soleil, de grandes ouvertures sur des paysages fascinants, de piscines priv\u00e9es et de grands salons ombrag\u00e9s sous des pergolas \u00e9l\u00e9gantes. Tout le site est con\u00e7u pour vous offrir des moments de s\u00e9r\u00e9nit\u00e9 absolue.<\/p>\n","protected":false},"excerpt":{"rendered":"<p>Profitez d&rsquo;un s\u00e9jour relaxant et raffin\u00e9 \u00e0 Ozen Luxury Villa &amp; Suite, \u00e0 quelques minutes seulement d&rsquo;Agios Nikolaos, nich\u00e9 dans un cadre naturel paisible avec une vue imprenable sur la mer de Cr\u00e8te. Alliant le luxe moderne \u00e0 l&rsquo;esprit chaleureux&hellip;<\/p>\n","protected":false},"author":1,"featured_media":0,"parent":0,"menu_order":0,"comment_status":"closed","ping_status":"closed","template":"kobo\/home.php","meta":{"_acf_changed":false,"footnotes":""},"class_list":["post-3181","page","type-page","status-publish","hentry","header-overlay","entry","no-media"],"acf":[],"aioseo_notices":[],"_links":{"self":[{"href":"https:\/\/ozenvillas.com\/fr\/wp-json\/wp\/v2\/pages\/3181","targetHints":{"allow":["GET"]}}],"collection":[{"href":"https:\/\/ozenvillas.com\/fr\/wp-json\/wp\/v2\/pages"}],"about":[{"href":"https:\/\/ozenvillas.com\/fr\/wp-json\/wp\/v2\/types\/page"}],"author":[{"embeddable":true,"href":"https:\/\/ozenvillas.com\/fr\/wp-json\/wp\/v2\/users\/1"}],"replies":[{"embeddable":true,"href":"https:\/\/ozenvillas.com\/fr\/wp-json\/wp\/v2\/comments?post=3181"}],"version-history":[{"count":0,"href":"https:\/\/ozenvillas.com\/fr\/wp-json\/wp\/v2\/pages\/3181\/revisions"}],"wp:attachment":[{"href":"https:\/\/ozenvillas.com\/fr\/wp-json\/wp\/v2\/media?parent=3181"}],"curies":[{"name":"wp","href":"https:\/\/api.w.org\/{rel}","templated":true}]}}