{"id":3163,"date":"2025-02-21T10:41:52","date_gmt":"2025-02-21T08:41:52","guid":{"rendered":"https:\/\/ozenvillas.com\/location\/"},"modified":"2026-01-30T11:43:15","modified_gmt":"2026-01-30T09:43:15","slug":"location","status":"publish","type":"page","link":"https:\/\/ozenvillas.com\/fr\/location\/","title":{"rendered":"Emplacement"},"content":{"rendered":"<p>Situ\u00e9 \u00e0 quelques minutes des magnifiques plages de sable d&rsquo;Ammoudara et \u00e0 seulement quelques minutes en voiture des rues anim\u00e9es du centre d&rsquo;Agios Nikolaos, ce complexe offre un \u00e9quilibre parfait entre accessibilit\u00e9 et tranquillit\u00e9. Ici, le cadre paisible du littoral et le rythme tranquille de la r\u00e9gion forment un environnement id\u00e9al pour se reposer, se ressourcer et s&rsquo;\u00e9vader compl\u00e8tement du rythme effr\u00e9n\u00e9 de la vie quotidienne.<\/p>\n<p>Situ\u00e9es dans la campagne paisible aux alentours d&rsquo;Agios Nikolaos, les villas offrent un \u00e9quilibre id\u00e9al entre intimit\u00e9 et commodit\u00e9. Vous pourrez vous impr\u00e9gner du calme des oliveraies attenantes sur de douces collines, tout en vous trouvant \u00e0 quelques minutes en voiture des plus belles plages de la r\u00e9gion aux eaux cristallines, de ses tavernes traditionnelles, de son port de plaisance anim\u00e9 ainsi que de ses attractions culturelles.<\/p>\n<p>&nbsp;<\/p>\n","protected":false},"excerpt":{"rendered":"<p>Situ\u00e9 \u00e0 quelques minutes des magnifiques plages de sable d&rsquo;Ammoudara et \u00e0 seulement quelques minutes en voiture des rues anim\u00e9es du centre d&rsquo;Agios Nikolaos, ce complexe offre un \u00e9quilibre parfait entre accessibilit\u00e9 et tranquillit\u00e9. Ici, le cadre paisible du littoral&hellip;<\/p>\n","protected":false},"author":1,"featured_media":0,"parent":0,"menu_order":0,"comment_status":"closed","ping_status":"closed","template":"kobo\/location.php","meta":{"_acf_changed":false,"footnotes":""},"class_list":["post-3163","page","type-page","status-publish","hentry","header-overlay","entry","no-media"],"acf":[],"aioseo_notices":[],"_links":{"self":[{"href":"https:\/\/ozenvillas.com\/fr\/wp-json\/wp\/v2\/pages\/3163","targetHints":{"allow":["GET"]}}],"collection":[{"href":"https:\/\/ozenvillas.com\/fr\/wp-json\/wp\/v2\/pages"}],"about":[{"href":"https:\/\/ozenvillas.com\/fr\/wp-json\/wp\/v2\/types\/page"}],"author":[{"embeddable":true,"href":"https:\/\/ozenvillas.com\/fr\/wp-json\/wp\/v2\/users\/1"}],"replies":[{"embeddable":true,"href":"https:\/\/ozenvillas.com\/fr\/wp-json\/wp\/v2\/comments?post=3163"}],"version-history":[{"count":0,"href":"https:\/\/ozenvillas.com\/fr\/wp-json\/wp\/v2\/pages\/3163\/revisions"}],"wp:attachment":[{"href":"https:\/\/ozenvillas.com\/fr\/wp-json\/wp\/v2\/media?parent=3163"}],"curies":[{"name":"wp","href":"https:\/\/api.w.org\/{rel}","templated":true}]}}