{"id":3154,"date":"2025-12-15T09:57:49","date_gmt":"2025-12-15T07:57:49","guid":{"rendered":"https:\/\/ozenvillas.com\/services\/"},"modified":"2026-01-30T11:43:28","modified_gmt":"2026-01-30T09:43:28","slug":"services","status":"publish","type":"page","link":"https:\/\/ozenvillas.com\/fr\/services\/","title":{"rendered":"Services"},"content":{"rendered":"<p>Chez Ozen Luxury Villa &amp; Suite, chaque d\u00e9tail est \u00e9tudi\u00e9 pour offrir une exp\u00e9rience d&rsquo;hospitalit\u00e9 exceptionnelle et intime qui d\u00e9passe les attentes ordinaires. Les h\u00f4tes sont invit\u00e9s \u00e0 d\u00e9couvrir un univers o\u00f9 tout est pens\u00e9 pour eux, avec un personnel d\u00e9vou\u00e9 qui anticipe tous leurs besoins, depuis l&rsquo;organisation d&rsquo;excursions sur mesure dans la r\u00e9gion jusqu&rsquo;\u00e0 la r\u00e9servation de bateaux priv\u00e9s pour explorer les c\u00f4tes paradisiaques de Cr\u00e8te, en passant par des r\u00e9servations exclusives dans les meilleurs restaurants de l&rsquo;\u00eele.<\/p>\n<p>Le bien-\u00eatre est aussi au c\u0153ur de l&rsquo;exp\u00e9rience Ozen. Les h\u00f4tes pourront profiter de services bien-\u00eatre personnalis\u00e9s adapt\u00e9s au corps, \u00e0 l&rsquo;esprit et \u00e0 l&rsquo;\u00e2me, notamment des massages dans leur villa, des s\u00e9ances priv\u00e9es de yoga ou de m\u00e9ditation, ainsi que des soins holistiques qui transformeront leur s\u00e9jour en un havre de paix et de r\u00e9g\u00e9n\u00e9ration. Tous les programmes bien-\u00eatre sont con\u00e7us en harmonie avec le cadre paisible et offrent une \u00e9vasion totale loin du stress quotidien.<\/p>\n<p>Les plaisirs culinaires font partie int\u00e9grante de l&rsquo;exp\u00e9rience Ozen. Gr\u00e2ce \u00e0 des services de restauration exclusifs, des chefs priv\u00e9s \u00e9laborent des menus sur mesure qui mettent en valeur les riches saveurs de la gastronomie cr\u00e9toise et m\u00e9diterran\u00e9enne. Les h\u00f4tes peuvent savourer chaque matin un petit-d\u00e9jeuner servi dans l&rsquo;intimit\u00e9 et le confort de leur villa, ou bien encore d\u00e9guster les meilleurs vins de la r\u00e9gion lors de d\u00e9gustations exclusives.<\/p>\n<p>Ces prestations, compl\u00e9t\u00e9es par un service d&rsquo;entretien attentionn\u00e9 et irr\u00e9prochable, vous garantissent un s\u00e9jour luxueux et immersif, o\u00f9 confort, intimit\u00e9 et exp\u00e9riences personnalis\u00e9es se conjuguent pour sublimer chaque s\u00e9jour et le rendre unique. Chez Ozen, le luxe n&rsquo;est pas seulement un service, c&rsquo;est un art de vivre, enti\u00e8rement adapt\u00e9 \u00e0 vos besoins.<\/p>\n","protected":false},"excerpt":{"rendered":"<p>Chez Ozen Luxury Villa &amp; Suite, chaque d\u00e9tail est \u00e9tudi\u00e9 pour offrir une exp\u00e9rience d&rsquo;hospitalit\u00e9 exceptionnelle et intime qui d\u00e9passe les attentes ordinaires. Les h\u00f4tes sont invit\u00e9s \u00e0 d\u00e9couvrir un univers o\u00f9 tout est pens\u00e9 pour eux, avec un personnel&hellip;<\/p>\n","protected":false},"author":1,"featured_media":0,"parent":0,"menu_order":0,"comment_status":"closed","ping_status":"closed","template":"kobo\/services.php","meta":{"_acf_changed":false,"footnotes":""},"class_list":["post-3154","page","type-page","status-publish","hentry","entry","no-media"],"acf":[],"aioseo_notices":[],"_links":{"self":[{"href":"https:\/\/ozenvillas.com\/fr\/wp-json\/wp\/v2\/pages\/3154","targetHints":{"allow":["GET"]}}],"collection":[{"href":"https:\/\/ozenvillas.com\/fr\/wp-json\/wp\/v2\/pages"}],"about":[{"href":"https:\/\/ozenvillas.com\/fr\/wp-json\/wp\/v2\/types\/page"}],"author":[{"embeddable":true,"href":"https:\/\/ozenvillas.com\/fr\/wp-json\/wp\/v2\/users\/1"}],"replies":[{"embeddable":true,"href":"https:\/\/ozenvillas.com\/fr\/wp-json\/wp\/v2\/comments?post=3154"}],"version-history":[{"count":0,"href":"https:\/\/ozenvillas.com\/fr\/wp-json\/wp\/v2\/pages\/3154\/revisions"}],"wp:attachment":[{"href":"https:\/\/ozenvillas.com\/fr\/wp-json\/wp\/v2\/media?parent=3154"}],"curies":[{"name":"wp","href":"https:\/\/api.w.org\/{rel}","templated":true}]}}