{"id":3183,"date":"2025-02-21T10:31:00","date_gmt":"2025-02-21T08:31:00","guid":{"rendered":"https:\/\/ozenvillas.com\/home\/"},"modified":"2026-01-30T11:04:16","modified_gmt":"2026-01-30T09:04:16","slug":"home","status":"publish","type":"page","link":"https:\/\/ozenvillas.com\/de\/","title":{"rendered":"Startseite"},"content":{"rendered":"<p>Genie\u00dfen Sie pure Entspannung in der Ozen Luxury Villa &amp; Suite, nur wenige Minuten von Agios Nikolaos entfernt, inmitten einer ruhigen Naturlandschaft mit atemberaubendem Blick auf das Kretische Meer. Die Villen verbinden modernen Luxus mit der herzlichen, authentischen Gastfreundschaft Kretas und zeichnen sich durch lichtdurchflutete Innenr\u00e4ume, weitl\u00e4ufige Ausblicke auf die Landschaft, private Pools und elegante, von Pergolen beschattete Lounges aus, die f\u00fcr ungest\u00f6rte Momente der Ruhe konzipiert sind.<\/p>\n","protected":false},"excerpt":{"rendered":"<p>Genie\u00dfen Sie pure Entspannung in der Ozen Luxury Villa &amp; Suite, nur wenige Minuten von Agios Nikolaos entfernt, inmitten einer ruhigen Naturlandschaft mit atemberaubendem Blick auf das Kretische Meer. Die Villen verbinden modernen Luxus mit der herzlichen, authentischen Gastfreundschaft Kretas&hellip;<\/p>\n","protected":false},"author":1,"featured_media":0,"parent":0,"menu_order":0,"comment_status":"closed","ping_status":"closed","template":"kobo\/home.php","meta":{"_acf_changed":false,"footnotes":""},"class_list":["post-3183","page","type-page","status-publish","hentry","header-overlay","entry","no-media"],"acf":[],"aioseo_notices":[],"_links":{"self":[{"href":"https:\/\/ozenvillas.com\/de\/wp-json\/wp\/v2\/pages\/3183","targetHints":{"allow":["GET"]}}],"collection":[{"href":"https:\/\/ozenvillas.com\/de\/wp-json\/wp\/v2\/pages"}],"about":[{"href":"https:\/\/ozenvillas.com\/de\/wp-json\/wp\/v2\/types\/page"}],"author":[{"embeddable":true,"href":"https:\/\/ozenvillas.com\/de\/wp-json\/wp\/v2\/users\/1"}],"replies":[{"embeddable":true,"href":"https:\/\/ozenvillas.com\/de\/wp-json\/wp\/v2\/comments?post=3183"}],"version-history":[{"count":0,"href":"https:\/\/ozenvillas.com\/de\/wp-json\/wp\/v2\/pages\/3183\/revisions"}],"wp:attachment":[{"href":"https:\/\/ozenvillas.com\/de\/wp-json\/wp\/v2\/media?parent=3183"}],"curies":[{"name":"wp","href":"https:\/\/api.w.org\/{rel}","templated":true}]}}