{"id":3165,"date":"2025-02-21T10:41:52","date_gmt":"2025-02-21T08:41:52","guid":{"rendered":"https:\/\/ozenvillas.com\/location\/"},"modified":"2026-01-30T11:19:17","modified_gmt":"2026-01-30T09:19:17","slug":"location","status":"publish","type":"page","link":"https:\/\/ozenvillas.com\/de\/location\/","title":{"rendered":"Lage"},"content":{"rendered":"<p><span lang=\"DE\" style=\"color: black;\">Nur wenige Minuten von den Sandstr\u00e4nden von Amoudara und eine kurze Autofahrt vom lebhaften Zentrum von Agios Nikolaos entfernt, bietet die Lage eine perfekte Balance aus Zug\u00e4nglichkeit und Ruhe. Hier schaffen die ruhige K\u00fcstenlage und das gem\u00e4chliche Tempo der Area ein ideales Umfeld f\u00fcr Erholung, Regeneration und die vollst\u00e4ndige Flucht aus dem hektischen Alltag.<\/span><\/p>\n<p><span lang=\"DE\" style=\"color: black;\">Die Villen liegen am ruhigen Stadtrand von Agios Nikolaos und bieten die ideale Balance zwischen Abgeschiedenheit und Komfort. Hier k\u00f6nnen Sie inmitten der ruhigen Olivenhaine und sanften H\u00fcgel entspannen und sind dennoch nur eine kurze Autofahrt von den sch\u00f6nen Str\u00e4nden, kristallklaren Buchten, traditionellen Tavernen, dem lebhaften Yachthafen und den kulturellen Sehensw\u00fcrdigkeiten der Stadt entfernt.<\/span><\/p>\n<p>&nbsp;<\/p>\n","protected":false},"excerpt":{"rendered":"<p>Nur wenige Minuten von den Sandstr\u00e4nden von Amoudara und eine kurze Autofahrt vom lebhaften Zentrum von Agios Nikolaos entfernt, bietet die Lage eine perfekte Balance aus Zug\u00e4nglichkeit und Ruhe. Hier schaffen die ruhige K\u00fcstenlage und das gem\u00e4chliche Tempo der Area&hellip;<\/p>\n","protected":false},"author":1,"featured_media":0,"parent":0,"menu_order":0,"comment_status":"closed","ping_status":"closed","template":"kobo\/location.php","meta":{"_acf_changed":false,"footnotes":""},"class_list":["post-3165","page","type-page","status-publish","hentry","header-overlay","entry","no-media"],"acf":[],"aioseo_notices":[],"_links":{"self":[{"href":"https:\/\/ozenvillas.com\/de\/wp-json\/wp\/v2\/pages\/3165","targetHints":{"allow":["GET"]}}],"collection":[{"href":"https:\/\/ozenvillas.com\/de\/wp-json\/wp\/v2\/pages"}],"about":[{"href":"https:\/\/ozenvillas.com\/de\/wp-json\/wp\/v2\/types\/page"}],"author":[{"embeddable":true,"href":"https:\/\/ozenvillas.com\/de\/wp-json\/wp\/v2\/users\/1"}],"replies":[{"embeddable":true,"href":"https:\/\/ozenvillas.com\/de\/wp-json\/wp\/v2\/comments?post=3165"}],"version-history":[{"count":0,"href":"https:\/\/ozenvillas.com\/de\/wp-json\/wp\/v2\/pages\/3165\/revisions"}],"wp:attachment":[{"href":"https:\/\/ozenvillas.com\/de\/wp-json\/wp\/v2\/media?parent=3165"}],"curies":[{"name":"wp","href":"https:\/\/api.w.org\/{rel}","templated":true}]}}