{"id":3155,"date":"2025-12-15T09:57:49","date_gmt":"2025-12-15T07:57:49","guid":{"rendered":"https:\/\/ozenvillas.com\/services\/"},"modified":"2026-01-30T11:20:23","modified_gmt":"2026-01-30T09:20:23","slug":"services","status":"publish","type":"page","link":"https:\/\/ozenvillas.com\/de\/services\/","title":{"rendered":"Dienstleistungen"},"content":{"rendered":"<p>Im Ozen Luxury Villa &amp; Suite ist jedes Detail darauf ausgerichtet, ein au\u00dfergew\u00f6hnliches, individuelles und unvergleichliches Erlebnis zu bieten. Die G\u00e4ste werden in einer Welt der individuellen Betreuung empfangen, in der der engagierte Concierge alle W\u00fcnsche ber\u00fccksichtigt \u2013 sei es die Organisation ma\u00dfgeschneiderter Ausfl\u00fcge in die Umgebung, die Planung privater Bootsausfl\u00fcge entlang der glitzernden K\u00fcste Kretas oder die Reservierung exklusiver Tische in den besten Restaurants der Insel.<\/p>\n<p>Wellness steht im Mittelpunkt des Ozen-Erlebnisses. Unsere G\u00e4ste k\u00f6nnen sich mit individuellen Wellness-Angeboten verw\u00f6hnen lassen, die auf K\u00f6rper, Geist und Seele zugeschnitten sind, darunter Massagen in der Villa, private Yoga- oder Meditationsstunden und ganzheitliche Behandlungen, die Ihren Aufenthalt zu einer Oase der Ruhe und Erholung werden lassen. Jedes Wellness-Erlebnis ist so gestaltet, dass es mit der ruhigen Umgebung harmoniert und eine vollst\u00e4ndige Flucht aus dem Stress des Alltags bietet.<\/p>\n<p>Kulinarische Gen\u00fcsse sind ein wesentlicher Bestandteil des Ozen-Erlebnisses. Im Rahmen exklusiver Speiseservices k\u00f6nnen Privatk\u00f6che ma\u00dfgeschneiderte Men\u00fcs zusammenstellen, die die reichhaltigen Aromen der kretischen und mediterranen K\u00fcche hervorheben. G\u00e4ste k\u00f6nnen jeden Morgen ein entspanntes Fr\u00fchst\u00fcck in der Privatsph\u00e4re und dem Komfort ihrer Villa genie\u00dfen oder bei exklusiven Weinverkostungen die besten Weine der Region probieren.<\/p>\n<p>In Verbindung mit aufmerksamem Housekeeping und nahtlosem Service schaffen diese Angebote einen wirklich immersiven Luxusurlaub, bei dem Komfort, Privatsph\u00e4re und individuelle Erlebnisse zusammenkommen, um jeden Aufenthalt einzigartig zu machen. Bei Ozen ist Luxus nicht nur eine Dienstleistung, sondern eine Lebensart, die ganz auf Sie zugeschnitten ist.<\/p>\n","protected":false},"excerpt":{"rendered":"<p>Im Ozen Luxury Villa &amp; Suite ist jedes Detail darauf ausgerichtet, ein au\u00dfergew\u00f6hnliches, individuelles und unvergleichliches Erlebnis zu bieten. Die G\u00e4ste werden in einer Welt der individuellen Betreuung empfangen, in der der engagierte Concierge alle W\u00fcnsche ber\u00fccksichtigt \u2013 sei es&hellip;<\/p>\n","protected":false},"author":1,"featured_media":0,"parent":0,"menu_order":0,"comment_status":"closed","ping_status":"closed","template":"kobo\/services.php","meta":{"_acf_changed":false,"footnotes":""},"class_list":["post-3155","page","type-page","status-publish","hentry","entry","no-media"],"acf":[],"aioseo_notices":[],"_links":{"self":[{"href":"https:\/\/ozenvillas.com\/de\/wp-json\/wp\/v2\/pages\/3155","targetHints":{"allow":["GET"]}}],"collection":[{"href":"https:\/\/ozenvillas.com\/de\/wp-json\/wp\/v2\/pages"}],"about":[{"href":"https:\/\/ozenvillas.com\/de\/wp-json\/wp\/v2\/types\/page"}],"author":[{"embeddable":true,"href":"https:\/\/ozenvillas.com\/de\/wp-json\/wp\/v2\/users\/1"}],"replies":[{"embeddable":true,"href":"https:\/\/ozenvillas.com\/de\/wp-json\/wp\/v2\/comments?post=3155"}],"version-history":[{"count":0,"href":"https:\/\/ozenvillas.com\/de\/wp-json\/wp\/v2\/pages\/3155\/revisions"}],"wp:attachment":[{"href":"https:\/\/ozenvillas.com\/de\/wp-json\/wp\/v2\/media?parent=3155"}],"curies":[{"name":"wp","href":"https:\/\/api.w.org\/{rel}","templated":true}]}}